{"id":114,"date":"2024-04-01T06:11:01","date_gmt":"2024-04-01T06:11:01","guid":{"rendered":"https:\/\/projects.jayanwerdesigns.com\/velickalegal\/?page_id=114"},"modified":"2024-05-24T13:14:32","modified_gmt":"2024-05-24T13:14:32","slug":"profil","status":"publish","type":"page","link":"https:\/\/www.velickalegal.com\/cz\/profil\/","title":{"rendered":"Profil"},"content":{"rendered":"<div id='av_section_1'  class='avia-section av-tos62-0d5711d3f198244d16ec6974684facf7 main_color avia-section-default avia-no-border-styling  avia-builder-el-0  avia-builder-el-no-sibling  avia-bg-style-scroll container_wrap fullsize'  ><div class='container av-section-cont-open' ><main  role=\"main\" itemprop=\"mainContentOfPage\"  class='template-page content  av-content-full alpha units'><div class='post-entry post-entry-type-page post-entry-114'><div class='entry-content-wrapper clearfix'>\n<div  class='flex_column av-b8bn6-d4f2c2e82b1220a71e5a4b0779983124 av_one_full  avia-builder-el-1  avia-builder-el-no-sibling  first flex_column_div  '     ><p>\n<style type=\"text\/css\" data-created_by=\"avia_inline_auto\" id=\"style-css-av-lugjzr91-14fe0371c407ef523a942bceacbcb89c\">\n#top .av-special-heading.av-lugjzr91-14fe0371c407ef523a942bceacbcb89c{\npadding-bottom:0;\n}\nbody .av-special-heading.av-lugjzr91-14fe0371c407ef523a942bceacbcb89c .av-special-heading-tag .heading-char{\nfont-size:25px;\n}\n.av-special-heading.av-lugjzr91-14fe0371c407ef523a942bceacbcb89c .av-subheading{\nfont-size:15px;\n}\n<\/style>\n<div  class='av-special-heading av-lugjzr91-14fe0371c407ef523a942bceacbcb89c av-special-heading-h1  avia-builder-el-2  el_before_av_textblock  avia-builder-el-first '><h1 class='av-special-heading-tag'  itemprop=\"headline\"  >JUDr. David Veli\u010dka<\/h1><div class=\"special-heading-border\"><div class=\"special-heading-inner-border\"><\/div><\/div><\/div><br \/>\n<section  class='av_textblock_section av-lugk0cmh-d85d0bafe5e1b33da063383c6d861464 '   itemscope=\"itemscope\" itemtype=\"https:\/\/schema.org\/CreativeWork\" ><div class='avia_textblock'  itemprop=\"text\" ><p>David Veli\u010dka z\u00edskal v\u00a0pr\u016fb\u011bhu posledn\u00edch 15 let rozs\u00e1hl\u00e9 zku\u0161enosti p\u0159i poskytov\u00e1n\u00ed pr\u00e1vn\u00edch slu\u017eeb \u010desk\u00fdm i zahrani\u010dn\u00edm subjekt\u016fm.<br \/>\nPoskytoval mimo jin\u00e9 pr\u00e1vn\u00ed poradenstv\u00ed \u0159ad\u011b finan\u010dn\u00edm subjekt\u016fm podnikaj\u00edc\u00edch na \u010desk\u00e9m trhu v souvislosti s akvizi\u010dn\u00edm a nemovitostn\u00edm financov\u00e1n\u00edm a \u0159e\u0161en\u00edm souvisej\u00edc\u00edch finan\u010dn\u00edch a regula\u010dn\u00edch ot\u00e1zek. Rovn\u011b\u017e poskytoval komplexn\u00ed poradenstv\u00ed \u010desk\u00fdm a zahrani\u010dn\u00edm developer\u016fm v souvislosti s akvizicemi a v\u00fdstavbami rezidentn\u00edch a nerezidentn\u00edch projekt\u016f v \u010cR. David Veli\u010dka rovn\u011b\u017e asistoval p\u0159i vstupu \u0159ady zahrani\u010dn\u00edch investor\u016f na \u010desk\u00fd trh.<\/p>\n<p>V posledn\u00ed dob\u011b se David Veli\u010dka zam\u011b\u0159uje rovn\u011b\u017e na poradenstv\u00ed spole\u010dnostem i fyzick\u00fdm osob\u00e1m p\u0159i veden\u00ed komplexn\u00edch spor\u016f a v situac\u00edch s prvkem \u00fapadku a d\u00e1le v poskytov\u00e1n\u00ed poradenstv\u00ed investor\u016fm p\u0159i blokov\u00fdch prodej\u00edch a vym\u00e1h\u00e1n\u00ed portfoli\u00ed pohled\u00e1vek, v\u010detn\u011b nastaven\u00ed extern\u00edch vym\u00e1hac\u00edch proces\u016f.<\/p>\n<p>David Veli\u010dka ukon\u010dil studium na Pr\u00e1vnick\u00e9 fakult\u011b Univerzity Palack\u00e9ho v Olomouci v roce 2006. V pr\u016fb\u011bhu studia studoval pr\u00e1vo tak\u00e9 na Univerzit\u011b ve \u0160t\u00fdrsk\u00e9m Hradci v Rakousku. P\u0159ed zalo\u017een\u00edm sv\u00e9 advok\u00e1tn\u00ed kancel\u00e1\u0159e pracoval po \u0159adu let v renomovan\u00e9 \u010desk\u00e9 i mezin\u00e1rodn\u00ed advok\u00e1tn\u00ed kancel\u00e1\u0159i v Praze.<\/p>\n<p>David Veli\u010dka je advok\u00e1tem a \u010dlenem \u010cesk\u00e9 advok\u00e1tn\u00ed komory (eviden\u010dn\u00ed \u010d\u00edslo 13 321).<\/p>\n<\/div><\/section><br \/>\n<section  class='av_textblock_section av-lugk32al-e2356dced6f6a45489d33a0c83a549d8 '   itemscope=\"itemscope\" itemtype=\"https:\/\/schema.org\/CreativeWork\" ><div class='avia_textblock'  itemprop=\"text\" ><\/div><\/section><\/p><\/div>\n","protected":false},"excerpt":{"rendered":"","protected":false},"author":1,"featured_media":0,"parent":0,"menu_order":0,"comment_status":"closed","ping_status":"closed","template":"","meta":{"om_disable_all_campaigns":false,"footnotes":""},"class_list":["post-114","page","type-page","status-publish","hentry"],"yoast_head":"<!-- This site is optimized with the Yoast SEO plugin v27.4 - https:\/\/yoast.com\/product\/yoast-seo-wordpress\/ -->\n<title>Profil - Veli\u010dka Legal<\/title>\n<meta name=\"robots\" content=\"index, follow, max-snippet:-1, max-image-preview:large, max-video-preview:-1\" \/>\n<link rel=\"canonical\" href=\"https:\/\/www.velickalegal.com\/cz\/profil\/\" \/>\n<meta property=\"og:locale\" content=\"en_US\" \/>\n<meta property=\"og:type\" content=\"article\" \/>\n<meta property=\"og:title\" content=\"Profil - Veli\u010dka Legal\" \/>\n<meta property=\"og:url\" content=\"https:\/\/www.velickalegal.com\/cz\/profil\/\" \/>\n<meta property=\"og:site_name\" content=\"Veli\u010dka Legal\" \/>\n<meta property=\"article:modified_time\" content=\"2024-05-24T13:14:32+00:00\" \/>\n<meta name=\"twitter:card\" content=\"summary_large_image\" \/>\n<meta name=\"twitter:label1\" content=\"Est. reading time\" \/>\n\t<meta name=\"twitter:data1\" content=\"1 minute\" \/>\n<script type=\"application\/ld+json\" class=\"yoast-schema-graph\">{\"@context\":\"https:\\\/\\\/schema.org\",\"@graph\":[{\"@type\":\"WebPage\",\"@id\":\"https:\\\/\\\/www.velickalegal.com\\\/cz\\\/profil\\\/\",\"url\":\"https:\\\/\\\/www.velickalegal.com\\\/cz\\\/profil\\\/\",\"name\":\"Profil - Veli\u010dka Legal\",\"isPartOf\":{\"@id\":\"https:\\\/\\\/www.velickalegal.com\\\/cz\\\/#website\"},\"datePublished\":\"2024-04-01T06:11:01+00:00\",\"dateModified\":\"2024-05-24T13:14:32+00:00\",\"breadcrumb\":{\"@id\":\"https:\\\/\\\/www.velickalegal.com\\\/cz\\\/profil\\\/#breadcrumb\"},\"inLanguage\":\"en-US\",\"potentialAction\":[{\"@type\":\"ReadAction\",\"target\":[\"https:\\\/\\\/www.velickalegal.com\\\/cz\\\/profil\\\/\"]}]},{\"@type\":\"BreadcrumbList\",\"@id\":\"https:\\\/\\\/www.velickalegal.com\\\/cz\\\/profil\\\/#breadcrumb\",\"itemListElement\":[{\"@type\":\"ListItem\",\"position\":1,\"name\":\"Home\",\"item\":\"https:\\\/\\\/www.velickalegal.com\\\/cz\\\/domu\\\/\"},{\"@type\":\"ListItem\",\"position\":2,\"name\":\"Profil\"}]},{\"@type\":\"WebSite\",\"@id\":\"https:\\\/\\\/www.velickalegal.com\\\/cz\\\/#website\",\"url\":\"https:\\\/\\\/www.velickalegal.com\\\/cz\\\/\",\"name\":\"Veli\u010dka Legal\",\"description\":\"Veli\u010dka Legal\",\"potentialAction\":[{\"@type\":\"SearchAction\",\"target\":{\"@type\":\"EntryPoint\",\"urlTemplate\":\"https:\\\/\\\/www.velickalegal.com\\\/cz\\\/?s={search_term_string}\"},\"query-input\":{\"@type\":\"PropertyValueSpecification\",\"valueRequired\":true,\"valueName\":\"search_term_string\"}}],\"inLanguage\":\"en-US\"}]}<\/script>\n<!-- \/ Yoast SEO plugin. -->","yoast_head_json":{"title":"Profil - Veli\u010dka Legal","robots":{"index":"index","follow":"follow","max-snippet":"max-snippet:-1","max-image-preview":"max-image-preview:large","max-video-preview":"max-video-preview:-1"},"canonical":"https:\/\/www.velickalegal.com\/cz\/profil\/","og_locale":"en_US","og_type":"article","og_title":"Profil - Veli\u010dka Legal","og_url":"https:\/\/www.velickalegal.com\/cz\/profil\/","og_site_name":"Veli\u010dka Legal","article_modified_time":"2024-05-24T13:14:32+00:00","twitter_card":"summary_large_image","twitter_misc":{"Est. reading time":"1 minute"},"schema":{"@context":"https:\/\/schema.org","@graph":[{"@type":"WebPage","@id":"https:\/\/www.velickalegal.com\/cz\/profil\/","url":"https:\/\/www.velickalegal.com\/cz\/profil\/","name":"Profil - Veli\u010dka Legal","isPartOf":{"@id":"https:\/\/www.velickalegal.com\/cz\/#website"},"datePublished":"2024-04-01T06:11:01+00:00","dateModified":"2024-05-24T13:14:32+00:00","breadcrumb":{"@id":"https:\/\/www.velickalegal.com\/cz\/profil\/#breadcrumb"},"inLanguage":"en-US","potentialAction":[{"@type":"ReadAction","target":["https:\/\/www.velickalegal.com\/cz\/profil\/"]}]},{"@type":"BreadcrumbList","@id":"https:\/\/www.velickalegal.com\/cz\/profil\/#breadcrumb","itemListElement":[{"@type":"ListItem","position":1,"name":"Home","item":"https:\/\/www.velickalegal.com\/cz\/domu\/"},{"@type":"ListItem","position":2,"name":"Profil"}]},{"@type":"WebSite","@id":"https:\/\/www.velickalegal.com\/cz\/#website","url":"https:\/\/www.velickalegal.com\/cz\/","name":"Veli\u010dka Legal","description":"Veli\u010dka Legal","potentialAction":[{"@type":"SearchAction","target":{"@type":"EntryPoint","urlTemplate":"https:\/\/www.velickalegal.com\/cz\/?s={search_term_string}"},"query-input":{"@type":"PropertyValueSpecification","valueRequired":true,"valueName":"search_term_string"}}],"inLanguage":"en-US"}]}},"_links":{"self":[{"href":"https:\/\/www.velickalegal.com\/cz\/wp-json\/wp\/v2\/pages\/114","targetHints":{"allow":["GET"]}}],"collection":[{"href":"https:\/\/www.velickalegal.com\/cz\/wp-json\/wp\/v2\/pages"}],"about":[{"href":"https:\/\/www.velickalegal.com\/cz\/wp-json\/wp\/v2\/types\/page"}],"author":[{"embeddable":true,"href":"https:\/\/www.velickalegal.com\/cz\/wp-json\/wp\/v2\/users\/1"}],"replies":[{"embeddable":true,"href":"https:\/\/www.velickalegal.com\/cz\/wp-json\/wp\/v2\/comments?post=114"}],"version-history":[{"count":9,"href":"https:\/\/www.velickalegal.com\/cz\/wp-json\/wp\/v2\/pages\/114\/revisions"}],"predecessor-version":[{"id":141,"href":"https:\/\/www.velickalegal.com\/cz\/wp-json\/wp\/v2\/pages\/114\/revisions\/141"}],"wp:attachment":[{"href":"https:\/\/www.velickalegal.com\/cz\/wp-json\/wp\/v2\/media?parent=114"}],"curies":[{"name":"wp","href":"https:\/\/api.w.org\/{rel}","templated":true}]}}