{"id":124,"date":"2024-04-01T06:40:02","date_gmt":"2024-04-01T06:40:02","guid":{"rendered":"https:\/\/projects.jayanwerdesigns.com\/velickalegal\/?page_id=124"},"modified":"2024-04-01T07:22:40","modified_gmt":"2024-04-01T07:22:40","slug":"pravni-sluzby","status":"publish","type":"page","link":"https:\/\/www.velickalegal.com\/cz\/pravni-sluzby\/","title":{"rendered":"Pr\u00e1vn\u00ed slu\u017eby"},"content":{"rendered":"<div id='av_section_1'  class='avia-section av-bahl0-94afe2594d2ee62d3acc7a1ba84fa9f5 main_color avia-section-default avia-no-border-styling  avia-builder-el-0  avia-builder-el-no-sibling  avia-bg-style-scroll container_wrap fullsize'  ><div class='container av-section-cont-open' ><main  role=\"main\" itemprop=\"mainContentOfPage\"  class='template-page content  av-content-full alpha units'><div class='post-entry post-entry-type-page post-entry-124'><div class='entry-content-wrapper clearfix'>\n\n<style type=\"text\/css\" data-created_by=\"avia_inline_auto\" id=\"style-css-av-isfy4-0e860608fd81a9032667be97281558e5\">\n#top .av-special-heading.av-isfy4-0e860608fd81a9032667be97281558e5{\npadding-bottom:10px;\ncolor:#d559c9;\n}\nbody .av-special-heading.av-isfy4-0e860608fd81a9032667be97281558e5 .av-special-heading-tag .heading-char{\nfont-size:25px;\n}\n.av-special-heading.av-isfy4-0e860608fd81a9032667be97281558e5 .special-heading-inner-border{\nborder-color:#d559c9;\n}\n.av-special-heading.av-isfy4-0e860608fd81a9032667be97281558e5 .av-subheading{\nfont-size:15px;\n}\n<\/style>\n<div  class='av-special-heading av-isfy4-0e860608fd81a9032667be97281558e5 av-special-heading-h1 custom-color-heading blockquote modern-quote modern-centered  avia-builder-el-1  el_before_av_hr  avia-builder-el-first '><h1 class='av-special-heading-tag'  itemprop=\"headline\"  >Pr\u00e1vn\u00ed slu\u017eby<\/h1><div class=\"special-heading-border\"><div class=\"special-heading-inner-border\"><\/div><\/div><\/div>\n\n<style type=\"text\/css\" data-created_by=\"avia_inline_auto\" id=\"style-css-av-fgl4s-f065b968f6d474d0e28a411b4c33c432\">\n#top .hr.av-fgl4s-f065b968f6d474d0e28a411b4c33c432{\nmargin-top:0px;\nmargin-bottom:20px;\n}\n.hr.av-fgl4s-f065b968f6d474d0e28a411b4c33c432 .hr-inner{\nwidth:50px;\nborder-color:#666666;\n}\n<\/style>\n<div  class='hr av-fgl4s-f065b968f6d474d0e28a411b4c33c432 hr-custom  avia-builder-el-2  el_after_av_heading  el_before_av_masonry_gallery  avia-builder-el-last  hr-center hr-icon-no'><span class='hr-inner inner-border-av-border-fat'><span class=\"hr-inner-style\"><\/span><\/span><\/div>\n<div id='av-masonry-1' class='av-masonry av-awq7o-08e7ef2f0f71af3ccb28d93a261c6c8f noHover av-fixed-size av-large-gap av-hover-overlay- av-masonry-animation- av-masonry-col-flexible av-caption-always av-caption-style-overlay av-masonry-gallery av-desktop-columns-overwrite av-desktop-columns-3 av-medium-columns-overwrite av-medium-columns-2 av-small-columns-overwrite av-small-columns-2 av-mini-columns-overwrite av-mini-columns-1 av-orientation-square ' data-post_id=\"124\"><div class=\"av-masonry-container isotope av-js-disabled\"><div class='av-masonry-entry isotope-item av-masonry-item-no-image '><\/div><a href=\"https:\/\/www.velickalegal.com\/cz\/wp-content\/uploads\/2024\/03\/Pravni.jpg\" data-srcset=\"https:\/\/www.velickalegal.com\/cz\/wp-content\/uploads\/2024\/03\/Pravni.jpg 740w, https:\/\/www.velickalegal.com\/cz\/wp-content\/uploads\/2024\/03\/Pravni-300x200.jpg 300w, https:\/\/www.velickalegal.com\/cz\/wp-content\/uploads\/2024\/03\/Pravni-705x470.jpg 705w\" data-sizes=\"(max-width: 740px) 100vw, 740px\"  aria-label=\"image Pr\u00e1vo obchodn\u00edch spole\u010dnost\u00ed a obchodn\u00ed pr\u00e1vo\"  id='av-masonry-1-item-86' data-av-masonry-item='86' class='av-masonry-entry isotope-item post-86 attachment type-attachment status-inherit hentry  av-masonry-item-with-image' title=\"Pr\u00e1vo obchodn\u00edch spole\u010dnost\u00ed a obchodn\u00ed pr\u00e1vo\" alt=\"\"  data-av-masonry-custom-link=\"#\"  itemprop=\"thumbnailUrl\" ><div class='av-inner-masonry-sizer'><\/div><figure class='av-inner-masonry main_color'><div class=\"av-masonry-outerimage-container\"><div class='av-masonry-image-container' style=\"background-image: url(https:\/\/www.velickalegal.com\/cz\/wp-content\/uploads\/2024\/03\/Pravni.jpg);\"  title=\"Pr\u00e1vo obchodn\u00edch spole\u010dnost\u00ed a obchodn\u00ed pr\u00e1vo\"  ><\/div><\/div><figcaption class='av-inner-masonry-content site-background'><div class='av-inner-masonry-content-pos'><div class='av-inner-masonry-content-pos-content'><div class='avia-arrow'><\/div><h3 class='av-masonry-entry-title entry-title '  itemprop=\"headline\" >Pr\u00e1vo obchodn\u00edch spole\u010dnost\u00ed a obchodn\u00ed pr\u00e1vo<\/h3><\/div><\/div><\/figcaption><\/figure><\/a><!--end av-masonry entry--><a href=\"https:\/\/www.velickalegal.com\/cz\/wp-content\/uploads\/2024\/03\/INSOLVENCY-PROCEEDINGS.jpg\" data-srcset=\"https:\/\/www.velickalegal.com\/cz\/wp-content\/uploads\/2024\/03\/INSOLVENCY-PROCEEDINGS.jpg 740w, https:\/\/www.velickalegal.com\/cz\/wp-content\/uploads\/2024\/03\/INSOLVENCY-PROCEEDINGS-300x200.jpg 300w, https:\/\/www.velickalegal.com\/cz\/wp-content\/uploads\/2024\/03\/INSOLVENCY-PROCEEDINGS-705x470.jpg 705w\" data-sizes=\"(max-width: 740px) 100vw, 740px\"  aria-label=\"image Insolven\u010dn\u00ed \u0159\u00edzen\u00ed a restrukturalizace\"  id='av-masonry-1-item-87' data-av-masonry-item='87' class='av-masonry-entry isotope-item post-87 attachment type-attachment status-inherit hentry  av-masonry-item-with-image' title=\"Insolven\u010dn\u00ed \u0159\u00edzen\u00ed a restrukturalizace\" alt=\"\"  data-av-masonry-custom-link=\"#\"  itemprop=\"thumbnailUrl\" ><div class='av-inner-masonry-sizer'><\/div><figure class='av-inner-masonry main_color'><div class=\"av-masonry-outerimage-container\"><div class='av-masonry-image-container' style=\"background-image: url(https:\/\/www.velickalegal.com\/cz\/wp-content\/uploads\/2024\/03\/INSOLVENCY-PROCEEDINGS.jpg);\"  title=\"Insolven\u010dn\u00ed \u0159\u00edzen\u00ed a restrukturalizace\"  ><\/div><\/div><figcaption class='av-inner-masonry-content site-background'><div class='av-inner-masonry-content-pos'><div class='av-inner-masonry-content-pos-content'><div class='avia-arrow'><\/div><h3 class='av-masonry-entry-title entry-title '  itemprop=\"headline\" >Insolven\u010dn\u00ed \u0159\u00edzen\u00ed a restrukturalizace<\/h3><\/div><\/div><\/figcaption><\/figure><\/a><!--end av-masonry entry--><a href=\"https:\/\/www.velickalegal.com\/cz\/wp-content\/uploads\/2024\/03\/investment.jpg\" data-srcset=\"https:\/\/www.velickalegal.com\/cz\/wp-content\/uploads\/2024\/03\/investment.jpg 740w, https:\/\/www.velickalegal.com\/cz\/wp-content\/uploads\/2024\/03\/investment-300x200.jpg 300w, https:\/\/www.velickalegal.com\/cz\/wp-content\/uploads\/2024\/03\/investment-705x470.jpg 705w\" data-sizes=\"(max-width: 740px) 100vw, 740px\"  aria-label=\"image Investice a zahrani\u010dn\u00ed klienti\"  id='av-masonry-1-item-88' data-av-masonry-item='88' class='av-masonry-entry isotope-item post-88 attachment type-attachment status-inherit hentry  av-masonry-item-with-image' title=\"Investice a zahrani\u010dn\u00ed klienti\" alt=\"\"  data-av-masonry-custom-link=\"#\"  itemprop=\"thumbnailUrl\" ><div class='av-inner-masonry-sizer'><\/div><figure class='av-inner-masonry main_color'><div class=\"av-masonry-outerimage-container\"><div class='av-masonry-image-container' style=\"background-image: url(https:\/\/www.velickalegal.com\/cz\/wp-content\/uploads\/2024\/03\/investment.jpg);\"  title=\"Investice a zahrani\u010dn\u00ed klienti\"  ><\/div><\/div><figcaption class='av-inner-masonry-content site-background'><div class='av-inner-masonry-content-pos'><div class='av-inner-masonry-content-pos-content'><div class='avia-arrow'><\/div><h3 class='av-masonry-entry-title entry-title '  itemprop=\"headline\" >Investice a zahrani\u010dn\u00ed klienti<\/h3><\/div><\/div><\/figcaption><\/figure><\/a><!--end av-masonry entry--><a href=\"https:\/\/www.velickalegal.com\/cz\/wp-content\/uploads\/2024\/03\/LITIGATION.jpg\" data-srcset=\"https:\/\/www.velickalegal.com\/cz\/wp-content\/uploads\/2024\/03\/LITIGATION.jpg 740w, https:\/\/www.velickalegal.com\/cz\/wp-content\/uploads\/2024\/03\/LITIGATION-300x200.jpg 300w, https:\/\/www.velickalegal.com\/cz\/wp-content\/uploads\/2024\/03\/LITIGATION-705x470.jpg 705w\" data-sizes=\"(max-width: 740px) 100vw, 740px\"  aria-label=\"image Soudn\u00ed spory a vym\u00e1h\u00e1n\u00ed pohled\u00e1vek\"  id='av-masonry-1-item-89' data-av-masonry-item='89' class='av-masonry-entry isotope-item post-89 attachment type-attachment status-inherit hentry  av-masonry-item-with-image' title=\"Soudn\u00ed spory a vym\u00e1h\u00e1n\u00ed pohled\u00e1vek\" alt=\"\"  data-av-masonry-custom-link=\"#\"  itemprop=\"thumbnailUrl\" ><div class='av-inner-masonry-sizer'><\/div><figure class='av-inner-masonry main_color'><div class=\"av-masonry-outerimage-container\"><div class='av-masonry-image-container' style=\"background-image: url(https:\/\/www.velickalegal.com\/cz\/wp-content\/uploads\/2024\/03\/LITIGATION.jpg);\"  title=\"Soudn\u00ed spory a vym\u00e1h\u00e1n\u00ed pohled\u00e1vek\"  ><\/div><\/div><figcaption class='av-inner-masonry-content site-background'><div class='av-inner-masonry-content-pos'><div class='av-inner-masonry-content-pos-content'><div class='avia-arrow'><\/div><h3 class='av-masonry-entry-title entry-title '  itemprop=\"headline\" >Soudn\u00ed spory a vym\u00e1h\u00e1n\u00ed pohled\u00e1vek<\/h3><\/div><\/div><\/figcaption><\/figure><\/a><!--end av-masonry entry--><a href=\"https:\/\/www.velickalegal.com\/cz\/wp-content\/uploads\/2024\/03\/real-estate-law.jpg\" data-srcset=\"https:\/\/www.velickalegal.com\/cz\/wp-content\/uploads\/2024\/03\/real-estate-law.jpg 700w, https:\/\/www.velickalegal.com\/cz\/wp-content\/uploads\/2024\/03\/real-estate-law-300x200.jpg 300w\" data-sizes=\"(max-width: 700px) 100vw, 700px\"  aria-label=\"image Nemovitosti a stavebn\u00ed pr\u00e1vo\"  id='av-masonry-1-item-90' data-av-masonry-item='90' class='av-masonry-entry isotope-item post-90 attachment type-attachment status-inherit hentry  av-masonry-item-with-image' title=\"Nemovitosti a stavebn\u00ed pr\u00e1vo\" alt=\"\"  data-av-masonry-custom-link=\"#\"  itemprop=\"thumbnailUrl\" ><div class='av-inner-masonry-sizer'><\/div><figure class='av-inner-masonry main_color'><div class=\"av-masonry-outerimage-container\"><div class='av-masonry-image-container' style=\"background-image: url(https:\/\/www.velickalegal.com\/cz\/wp-content\/uploads\/2024\/03\/real-estate-law.jpg);\"  title=\"Nemovitosti a stavebn\u00ed pr\u00e1vo\"  ><\/div><\/div><figcaption class='av-inner-masonry-content site-background'><div class='av-inner-masonry-content-pos'><div class='av-inner-masonry-content-pos-content'><div class='avia-arrow'><\/div><h3 class='av-masonry-entry-title entry-title '  itemprop=\"headline\" >Nemovitosti a stavebn\u00ed pr\u00e1vo<\/h3><\/div><\/div><\/figcaption><\/figure><\/a><!--end av-masonry entry--><\/div><\/div>\n\n","protected":false},"excerpt":{"rendered":"","protected":false},"author":1,"featured_media":0,"parent":0,"menu_order":0,"comment_status":"closed","ping_status":"closed","template":"","meta":{"om_disable_all_campaigns":false,"footnotes":""},"class_list":["post-124","page","type-page","status-publish","hentry"],"yoast_head":"<!-- This site is optimized with the Yoast SEO plugin v27.4 - https:\/\/yoast.com\/product\/yoast-seo-wordpress\/ -->\n<title>Pr\u00e1vn\u00ed slu\u017eby - Veli\u010dka Legal<\/title>\n<meta name=\"robots\" content=\"index, follow, max-snippet:-1, max-image-preview:large, max-video-preview:-1\" \/>\n<link rel=\"canonical\" href=\"https:\/\/www.velickalegal.com\/cz\/pravni-sluzby\/\" \/>\n<meta property=\"og:locale\" content=\"en_US\" \/>\n<meta property=\"og:type\" content=\"article\" \/>\n<meta property=\"og:title\" content=\"Pr\u00e1vn\u00ed slu\u017eby - Veli\u010dka Legal\" \/>\n<meta property=\"og:url\" content=\"https:\/\/www.velickalegal.com\/cz\/pravni-sluzby\/\" \/>\n<meta property=\"og:site_name\" content=\"Veli\u010dka Legal\" \/>\n<meta property=\"article:modified_time\" content=\"2024-04-01T07:22:40+00:00\" \/>\n<meta name=\"twitter:card\" content=\"summary_large_image\" \/>\n<meta name=\"twitter:label1\" content=\"Est. reading time\" \/>\n\t<meta name=\"twitter:data1\" content=\"1 minute\" \/>\n<script type=\"application\/ld+json\" class=\"yoast-schema-graph\">{\"@context\":\"https:\\\/\\\/schema.org\",\"@graph\":[{\"@type\":\"WebPage\",\"@id\":\"https:\\\/\\\/www.velickalegal.com\\\/cz\\\/pravni-sluzby\\\/\",\"url\":\"https:\\\/\\\/www.velickalegal.com\\\/cz\\\/pravni-sluzby\\\/\",\"name\":\"Pr\u00e1vn\u00ed slu\u017eby - Veli\u010dka Legal\",\"isPartOf\":{\"@id\":\"https:\\\/\\\/www.velickalegal.com\\\/cz\\\/#website\"},\"datePublished\":\"2024-04-01T06:40:02+00:00\",\"dateModified\":\"2024-04-01T07:22:40+00:00\",\"breadcrumb\":{\"@id\":\"https:\\\/\\\/www.velickalegal.com\\\/cz\\\/pravni-sluzby\\\/#breadcrumb\"},\"inLanguage\":\"en-US\",\"potentialAction\":[{\"@type\":\"ReadAction\",\"target\":[\"https:\\\/\\\/www.velickalegal.com\\\/cz\\\/pravni-sluzby\\\/\"]}]},{\"@type\":\"BreadcrumbList\",\"@id\":\"https:\\\/\\\/www.velickalegal.com\\\/cz\\\/pravni-sluzby\\\/#breadcrumb\",\"itemListElement\":[{\"@type\":\"ListItem\",\"position\":1,\"name\":\"Home\",\"item\":\"https:\\\/\\\/www.velickalegal.com\\\/cz\\\/domu\\\/\"},{\"@type\":\"ListItem\",\"position\":2,\"name\":\"Pr\u00e1vn\u00ed slu\u017eby\"}]},{\"@type\":\"WebSite\",\"@id\":\"https:\\\/\\\/www.velickalegal.com\\\/cz\\\/#website\",\"url\":\"https:\\\/\\\/www.velickalegal.com\\\/cz\\\/\",\"name\":\"Veli\u010dka Legal\",\"description\":\"Veli\u010dka Legal\",\"potentialAction\":[{\"@type\":\"SearchAction\",\"target\":{\"@type\":\"EntryPoint\",\"urlTemplate\":\"https:\\\/\\\/www.velickalegal.com\\\/cz\\\/?s={search_term_string}\"},\"query-input\":{\"@type\":\"PropertyValueSpecification\",\"valueRequired\":true,\"valueName\":\"search_term_string\"}}],\"inLanguage\":\"en-US\"}]}<\/script>\n<!-- \/ Yoast SEO plugin. -->","yoast_head_json":{"title":"Pr\u00e1vn\u00ed slu\u017eby - Veli\u010dka Legal","robots":{"index":"index","follow":"follow","max-snippet":"max-snippet:-1","max-image-preview":"max-image-preview:large","max-video-preview":"max-video-preview:-1"},"canonical":"https:\/\/www.velickalegal.com\/cz\/pravni-sluzby\/","og_locale":"en_US","og_type":"article","og_title":"Pr\u00e1vn\u00ed slu\u017eby - Veli\u010dka Legal","og_url":"https:\/\/www.velickalegal.com\/cz\/pravni-sluzby\/","og_site_name":"Veli\u010dka Legal","article_modified_time":"2024-04-01T07:22:40+00:00","twitter_card":"summary_large_image","twitter_misc":{"Est. reading time":"1 minute"},"schema":{"@context":"https:\/\/schema.org","@graph":[{"@type":"WebPage","@id":"https:\/\/www.velickalegal.com\/cz\/pravni-sluzby\/","url":"https:\/\/www.velickalegal.com\/cz\/pravni-sluzby\/","name":"Pr\u00e1vn\u00ed slu\u017eby - Veli\u010dka Legal","isPartOf":{"@id":"https:\/\/www.velickalegal.com\/cz\/#website"},"datePublished":"2024-04-01T06:40:02+00:00","dateModified":"2024-04-01T07:22:40+00:00","breadcrumb":{"@id":"https:\/\/www.velickalegal.com\/cz\/pravni-sluzby\/#breadcrumb"},"inLanguage":"en-US","potentialAction":[{"@type":"ReadAction","target":["https:\/\/www.velickalegal.com\/cz\/pravni-sluzby\/"]}]},{"@type":"BreadcrumbList","@id":"https:\/\/www.velickalegal.com\/cz\/pravni-sluzby\/#breadcrumb","itemListElement":[{"@type":"ListItem","position":1,"name":"Home","item":"https:\/\/www.velickalegal.com\/cz\/domu\/"},{"@type":"ListItem","position":2,"name":"Pr\u00e1vn\u00ed slu\u017eby"}]},{"@type":"WebSite","@id":"https:\/\/www.velickalegal.com\/cz\/#website","url":"https:\/\/www.velickalegal.com\/cz\/","name":"Veli\u010dka Legal","description":"Veli\u010dka Legal","potentialAction":[{"@type":"SearchAction","target":{"@type":"EntryPoint","urlTemplate":"https:\/\/www.velickalegal.com\/cz\/?s={search_term_string}"},"query-input":{"@type":"PropertyValueSpecification","valueRequired":true,"valueName":"search_term_string"}}],"inLanguage":"en-US"}]}},"_links":{"self":[{"href":"https:\/\/www.velickalegal.com\/cz\/wp-json\/wp\/v2\/pages\/124","targetHints":{"allow":["GET"]}}],"collection":[{"href":"https:\/\/www.velickalegal.com\/cz\/wp-json\/wp\/v2\/pages"}],"about":[{"href":"https:\/\/www.velickalegal.com\/cz\/wp-json\/wp\/v2\/types\/page"}],"author":[{"embeddable":true,"href":"https:\/\/www.velickalegal.com\/cz\/wp-json\/wp\/v2\/users\/1"}],"replies":[{"embeddable":true,"href":"https:\/\/www.velickalegal.com\/cz\/wp-json\/wp\/v2\/comments?post=124"}],"version-history":[{"count":8,"href":"https:\/\/www.velickalegal.com\/cz\/wp-json\/wp\/v2\/pages\/124\/revisions"}],"predecessor-version":[{"id":133,"href":"https:\/\/www.velickalegal.com\/cz\/wp-json\/wp\/v2\/pages\/124\/revisions\/133"}],"wp:attachment":[{"href":"https:\/\/www.velickalegal.com\/cz\/wp-json\/wp\/v2\/media?parent=124"}],"curies":[{"name":"wp","href":"https:\/\/api.w.org\/{rel}","templated":true}]}}