{"id":92,"date":"2024-03-25T07:41:21","date_gmt":"2024-03-25T07:41:21","guid":{"rendered":"https:\/\/projects.jayanwerdesigns.com\/velickalegal\/?page_id=92"},"modified":"2024-04-01T06:09:21","modified_gmt":"2024-04-01T06:09:21","slug":"o-nas","status":"publish","type":"page","link":"https:\/\/www.velickalegal.com\/cz\/o-nas\/","title":{"rendered":"O N\u00e1s"},"content":{"rendered":"<div id='av_section_1'  class='avia-section av-26q0s-d0c30547b3549075e4b06c72418ad98e main_color avia-section-default avia-no-border-styling  avia-builder-el-0  avia-builder-el-no-sibling  avia-bg-style-scroll container_wrap fullsize'  ><div class='container av-section-cont-open' ><main  role=\"main\" itemprop=\"mainContentOfPage\"  class='template-page content  av-content-full alpha units'><div class='post-entry post-entry-type-page post-entry-92'><div class='entry-content-wrapper clearfix'>\n<div class='flex_column_table av-wdno-e63122995f9e50a814d792d9dd27ea1b sc-av_one_half av-equal-height-column-flextable'><div  class='flex_column av-wdno-e63122995f9e50a814d792d9dd27ea1b av_one_half  avia-builder-el-1  el_before_av_one_half  avia-builder-el-first  first flex_column_table_cell av-equal-height-column av-align-middle  '     ><style type=\"text\/css\" data-created_by=\"avia_inline_auto\" id=\"style-css-av-lu6neu5y-2c5d22ce8fa29418f6d8371395a9fb7f\">\n.avia-image-container.av-lu6neu5y-2c5d22ce8fa29418f6d8371395a9fb7f img.avia_image{\nbox-shadow:none;\n}\n.avia-image-container.av-lu6neu5y-2c5d22ce8fa29418f6d8371395a9fb7f .av-image-caption-overlay-center{\ncolor:#ffffff;\n}\n<\/style>\n<div  class='avia-image-container av-lu6neu5y-2c5d22ce8fa29418f6d8371395a9fb7f av-styling-no-styling avia-align-  avia-builder-el-2  avia-builder-el-no-sibling '   itemprop=\"image\" itemscope=\"itemscope\" itemtype=\"https:\/\/schema.org\/ImageObject\" ><div class=\"avia-image-container-inner\"><div class=\"avia-image-overlay-wrap\"><img decoding=\"async\" fetchpriority=\"high\" class='wp-image-96 avia-img-lazy-loading-not-96 avia_image ' src=\"https:\/\/www.velickalegal.com\/cz\/wp-content\/uploads\/2024\/03\/Velicka-Legal.jpg\" alt='' title=''  height=\"1022\" width=\"1000\"  itemprop=\"thumbnailUrl\" srcset=\"https:\/\/www.velickalegal.com\/cz\/wp-content\/uploads\/2024\/03\/Velicka-Legal.jpg 1000w, https:\/\/www.velickalegal.com\/cz\/wp-content\/uploads\/2024\/03\/Velicka-Legal-294x300.jpg 294w, https:\/\/www.velickalegal.com\/cz\/wp-content\/uploads\/2024\/03\/Velicka-Legal-768x785.jpg 768w, https:\/\/www.velickalegal.com\/cz\/wp-content\/uploads\/2024\/03\/Velicka-Legal-36x36.jpg 36w, https:\/\/www.velickalegal.com\/cz\/wp-content\/uploads\/2024\/03\/Velicka-Legal-690x705.jpg 690w\" sizes=\"(max-width: 1000px) 100vw, 1000px\" \/><\/div><\/div><\/div><\/div><div class='av-flex-placeholder'><\/div><div  class='flex_column av-4x4b0-1f49b1f710806459470b841a1bbab5a6 av_one_half  avia-builder-el-3  el_after_av_one_half  avia-builder-el-last  flex_column_table_cell av-equal-height-column av-align-middle  '     ><p>\n<style type=\"text\/css\" data-created_by=\"avia_inline_auto\" id=\"style-css-av-4oh9s-c8d09bffd03b00a32d95c02033ba041b\">\n#top .av-special-heading.av-4oh9s-c8d09bffd03b00a32d95c02033ba041b{\npadding-bottom:0;\n}\nbody .av-special-heading.av-4oh9s-c8d09bffd03b00a32d95c02033ba041b .av-special-heading-tag .heading-char{\nfont-size:25px;\n}\n.av-special-heading.av-4oh9s-c8d09bffd03b00a32d95c02033ba041b .av-subheading{\nfont-size:15px;\n}\n<\/style>\n<div  class='av-special-heading av-4oh9s-c8d09bffd03b00a32d95c02033ba041b av-special-heading-h1  avia-builder-el-4  el_before_av_textblock  avia-builder-el-first '><h1 class='av-special-heading-tag'  itemprop=\"headline\"  >Veli\u010dka Legal<\/h1><div class=\"special-heading-border\"><div class=\"special-heading-inner-border\"><\/div><\/div><\/div><br \/>\n<section  class='av_textblock_section av-3z6p8-51b125f87a3b4b216e148136cd93c6bf '   itemscope=\"itemscope\" itemtype=\"https:\/\/schema.org\/CreativeWork\" ><div class='avia_textblock'  itemprop=\"text\" ><p>Jsme \u010desk\u00e1 advok\u00e1tn\u00ed kancel\u00e1\u0159, kter\u00e1 poskytuje pr\u00e1vn\u00ed slu\u017eby \u010desk\u00fdm i zahrani\u010dn\u00edm subjekt\u016fm ze v\u0161ech odv\u011btv\u00ed obchodu a slu\u017eeb a ve v\u0161ech oblastech souvisej\u00edc\u00edch s jejich podnikatelskou \u010dinnost\u00ed. Rovn\u011b\u017e se zam\u011b\u0159ujeme na poradenstv\u00ed fyzick\u00fdm osob\u00e1m s vysok\u00fdmi n\u00e1roky na kvalitu pr\u00e1vn\u00edch slu\u017eeb.<\/p>\n<p>Z\u00e1kladem p\u0159i poskytov\u00e1n\u00ed pr\u00e1vn\u00edch slu\u017eeb je zejm\u00e9na excelentn\u00ed pr\u00e1vn\u00ed znalost, klientsk\u00fd servis na nejvy\u0161\u0161\u00ed \u00farovni, praktick\u00fd p\u0159\u00edstup k \u0159e\u0161en\u00ed probl\u00e9mu, porozum\u011bn\u00ed obchodn\u00edm souvislostem klientova podnik\u00e1n\u00ed a d\u016fraz na optim\u00e1ln\u00ed v\u00fdsledek pro klienta, efektivitu a rychlost. V r\u00e1mci pr\u00e1vn\u00edho poradenstv\u00ed jsme schopni o\u0161et\u0159it i souvisej\u00edc\u00ed da\u0148ov\u00e9 ot\u00e1zky s c\u00edlem dos\u00e1hnout celkov\u00e9ho optim\u00e1ln\u00edho v\u00fdsledku pro klienta.<\/p>\n<p>Na\u0161e slu\u017eby poskytujeme v \u010desk\u00e9m a anglick\u00e9m jazyce.<\/p>\n<\/div><\/section><\/p><\/div><\/div><!--close column table wrapper. Autoclose: 1 -->\n","protected":false},"excerpt":{"rendered":"","protected":false},"author":1,"featured_media":0,"parent":0,"menu_order":0,"comment_status":"closed","ping_status":"closed","template":"","meta":{"om_disable_all_campaigns":false,"footnotes":""},"class_list":["post-92","page","type-page","status-publish","hentry"],"yoast_head":"<!-- This site is optimized with the Yoast SEO plugin v27.4 - https:\/\/yoast.com\/product\/yoast-seo-wordpress\/ -->\n<title>O N\u00e1s - Veli\u010dka Legal<\/title>\n<meta name=\"robots\" content=\"index, follow, max-snippet:-1, max-image-preview:large, max-video-preview:-1\" \/>\n<link rel=\"canonical\" href=\"https:\/\/www.velickalegal.com\/cz\/o-nas\/\" \/>\n<meta property=\"og:locale\" content=\"en_US\" \/>\n<meta property=\"og:type\" content=\"article\" \/>\n<meta property=\"og:title\" content=\"O N\u00e1s - Veli\u010dka Legal\" \/>\n<meta property=\"og:url\" content=\"https:\/\/www.velickalegal.com\/cz\/o-nas\/\" \/>\n<meta property=\"og:site_name\" content=\"Veli\u010dka Legal\" \/>\n<meta property=\"article:modified_time\" content=\"2024-04-01T06:09:21+00:00\" \/>\n<meta name=\"twitter:card\" content=\"summary_large_image\" \/>\n<meta name=\"twitter:label1\" content=\"Est. reading time\" \/>\n\t<meta name=\"twitter:data1\" content=\"1 minute\" \/>\n<script type=\"application\/ld+json\" class=\"yoast-schema-graph\">{\"@context\":\"https:\\\/\\\/schema.org\",\"@graph\":[{\"@type\":\"WebPage\",\"@id\":\"https:\\\/\\\/www.velickalegal.com\\\/cz\\\/o-nas\\\/\",\"url\":\"https:\\\/\\\/www.velickalegal.com\\\/cz\\\/o-nas\\\/\",\"name\":\"O N\u00e1s - Veli\u010dka Legal\",\"isPartOf\":{\"@id\":\"https:\\\/\\\/www.velickalegal.com\\\/cz\\\/#website\"},\"datePublished\":\"2024-03-25T07:41:21+00:00\",\"dateModified\":\"2024-04-01T06:09:21+00:00\",\"breadcrumb\":{\"@id\":\"https:\\\/\\\/www.velickalegal.com\\\/cz\\\/o-nas\\\/#breadcrumb\"},\"inLanguage\":\"en-US\",\"potentialAction\":[{\"@type\":\"ReadAction\",\"target\":[\"https:\\\/\\\/www.velickalegal.com\\\/cz\\\/o-nas\\\/\"]}]},{\"@type\":\"BreadcrumbList\",\"@id\":\"https:\\\/\\\/www.velickalegal.com\\\/cz\\\/o-nas\\\/#breadcrumb\",\"itemListElement\":[{\"@type\":\"ListItem\",\"position\":1,\"name\":\"Home\",\"item\":\"https:\\\/\\\/www.velickalegal.com\\\/cz\\\/domu\\\/\"},{\"@type\":\"ListItem\",\"position\":2,\"name\":\"O N\u00e1s\"}]},{\"@type\":\"WebSite\",\"@id\":\"https:\\\/\\\/www.velickalegal.com\\\/cz\\\/#website\",\"url\":\"https:\\\/\\\/www.velickalegal.com\\\/cz\\\/\",\"name\":\"Veli\u010dka Legal\",\"description\":\"Veli\u010dka Legal\",\"potentialAction\":[{\"@type\":\"SearchAction\",\"target\":{\"@type\":\"EntryPoint\",\"urlTemplate\":\"https:\\\/\\\/www.velickalegal.com\\\/cz\\\/?s={search_term_string}\"},\"query-input\":{\"@type\":\"PropertyValueSpecification\",\"valueRequired\":true,\"valueName\":\"search_term_string\"}}],\"inLanguage\":\"en-US\"}]}<\/script>\n<!-- \/ Yoast SEO plugin. -->","yoast_head_json":{"title":"O N\u00e1s - Veli\u010dka Legal","robots":{"index":"index","follow":"follow","max-snippet":"max-snippet:-1","max-image-preview":"max-image-preview:large","max-video-preview":"max-video-preview:-1"},"canonical":"https:\/\/www.velickalegal.com\/cz\/o-nas\/","og_locale":"en_US","og_type":"article","og_title":"O N\u00e1s - Veli\u010dka Legal","og_url":"https:\/\/www.velickalegal.com\/cz\/o-nas\/","og_site_name":"Veli\u010dka Legal","article_modified_time":"2024-04-01T06:09:21+00:00","twitter_card":"summary_large_image","twitter_misc":{"Est. reading time":"1 minute"},"schema":{"@context":"https:\/\/schema.org","@graph":[{"@type":"WebPage","@id":"https:\/\/www.velickalegal.com\/cz\/o-nas\/","url":"https:\/\/www.velickalegal.com\/cz\/o-nas\/","name":"O N\u00e1s - Veli\u010dka Legal","isPartOf":{"@id":"https:\/\/www.velickalegal.com\/cz\/#website"},"datePublished":"2024-03-25T07:41:21+00:00","dateModified":"2024-04-01T06:09:21+00:00","breadcrumb":{"@id":"https:\/\/www.velickalegal.com\/cz\/o-nas\/#breadcrumb"},"inLanguage":"en-US","potentialAction":[{"@type":"ReadAction","target":["https:\/\/www.velickalegal.com\/cz\/o-nas\/"]}]},{"@type":"BreadcrumbList","@id":"https:\/\/www.velickalegal.com\/cz\/o-nas\/#breadcrumb","itemListElement":[{"@type":"ListItem","position":1,"name":"Home","item":"https:\/\/www.velickalegal.com\/cz\/domu\/"},{"@type":"ListItem","position":2,"name":"O N\u00e1s"}]},{"@type":"WebSite","@id":"https:\/\/www.velickalegal.com\/cz\/#website","url":"https:\/\/www.velickalegal.com\/cz\/","name":"Veli\u010dka Legal","description":"Veli\u010dka Legal","potentialAction":[{"@type":"SearchAction","target":{"@type":"EntryPoint","urlTemplate":"https:\/\/www.velickalegal.com\/cz\/?s={search_term_string}"},"query-input":{"@type":"PropertyValueSpecification","valueRequired":true,"valueName":"search_term_string"}}],"inLanguage":"en-US"}]}},"_links":{"self":[{"href":"https:\/\/www.velickalegal.com\/cz\/wp-json\/wp\/v2\/pages\/92","targetHints":{"allow":["GET"]}}],"collection":[{"href":"https:\/\/www.velickalegal.com\/cz\/wp-json\/wp\/v2\/pages"}],"about":[{"href":"https:\/\/www.velickalegal.com\/cz\/wp-json\/wp\/v2\/types\/page"}],"author":[{"embeddable":true,"href":"https:\/\/www.velickalegal.com\/cz\/wp-json\/wp\/v2\/users\/1"}],"replies":[{"embeddable":true,"href":"https:\/\/www.velickalegal.com\/cz\/wp-json\/wp\/v2\/comments?post=92"}],"version-history":[{"count":8,"href":"https:\/\/www.velickalegal.com\/cz\/wp-json\/wp\/v2\/pages\/92\/revisions"}],"predecessor-version":[{"id":113,"href":"https:\/\/www.velickalegal.com\/cz\/wp-json\/wp\/v2\/pages\/92\/revisions\/113"}],"wp:attachment":[{"href":"https:\/\/www.velickalegal.com\/cz\/wp-json\/wp\/v2\/media?parent=92"}],"curies":[{"name":"wp","href":"https:\/\/api.w.org\/{rel}","templated":true}]}}